{"id":897,"date":"2024-02-13T11:33:46","date_gmt":"2024-02-13T11:33:46","guid":{"rendered":"http:\/\/villapachita.com\/casa-rural-cerca-zaragoza\/"},"modified":"2025-06-05T06:59:03","modified_gmt":"2025-06-05T06:59:03","slug":"casa-rural-cerca-zaragoza","status":"publish","type":"page","link":"https:\/\/villapachita.com\/en\/casa-rural-cerca-zaragoza\/","title":{"rendered":"Rural house near Zaragoza with swimming pool and barbecue"},"content":{"rendered":"<div class=\"wpb-content-wrapper\"><p>[vc_row css_animation=&#8221;&#8221; row_type=&#8221;row&#8221; use_row_as_full_screen_section=&#8221;no&#8221; type=&#8221;grid&#8221; angled_section=&#8221;no&#8221; text_align=&#8221;left&#8221; background_image_as_pattern=&#8221;without_pattern&#8221; anchor=&#8221;home&#8221; css=&#8221;.vc_custom_1707820491889{padding-top: 158px !important;padding-bottom: 192px !important;background-image: url(http:\/\/villapachita.com\/wp-content\/uploads\/2024\/02\/CASA-RURAL-CERCA-DE-ZARAGOZA-CON-PISCINA.jpg?id=853) !important;background-position: center !important;background-repeat: no-repeat !important;background-size: cover !important;}&#8221; z_index=&#8221;&#8221;][vc_column offset=&#8221;vc_col-lg-7 vc_col-md-8&#8243;][vc_empty_space height=&#8221;15px&#8221;][vc_column_text]<\/p>\n<h1><span style=\"color: #ffffff;\">Rural house near Zaragoza with pool and barbecue<\/span><\/h1>\n<p>[\/vc_column_text][vc_empty_space height=&#8221;23px&#8221;][vc_empty_space height=&#8221;28px&#8221;]<a  itemprop=\"url\" href=\"http:\/\/villapachita.com\/reservar-casa-rural-alhama-de-aragon\/\" target=\"_self\" data-hover-background-color='#8e3a64' data-hover-color='#ffffff' class=\"qbutton  large center default\" style=\"color: #ffffff; border-color: #e05b9d; background-color: #e05b9d;\">VER DISPONIBILIDAD<\/a>[vc_empty_space height=&#8221;70px&#8221;][\/vc_column][vc_column width=&#8221;2\/3&#8243; offset=&#8221;vc_col-lg-offset-1 vc_col-lg-4 vc_col-md-offset-0 vc_col-md-4 vc_col-sm-offset-2&#8243;][vc_row_inner row_type=&#8221;row&#8221; type=&#8221;full_width&#8221; text_align=&#8221;left&#8221; css_animation=&#8221;&#8221; css=&#8221;.vc_custom_1491827397882{background-color: #ffffff !important;}&#8221;][vc_column_inner css=&#8221;.vc_custom_1491828199897{padding-right: 37px !important;padding-left: 37px !important;}&#8221;][vc_empty_space height=&#8221;40px&#8221;][vc_column_text]<\/p>\n<h3>Consulta disponibilidad en <a href=\"\/reservar\" target=\"_self\" rel=\"noopener noreferrer\"><span style=\"color: #e05b9d;\">Villa Pachita<\/span><\/a><\/h3>\n<p>[\/vc_column_text][vc_empty_space height=&#8221;28px&#8221;][\/vc_column_inner][\/vc_row_inner][\/vc_column][\/vc_row][vc_row css_animation=&#8221;&#8221; row_type=&#8221;row&#8221; use_row_as_full_screen_section=&#8221;no&#8221; type=&#8221;grid&#8221; angled_section=&#8221;no&#8221; text_align=&#8221;center&#8221; background_image_as_pattern=&#8221;without_pattern&#8221; z_index=&#8221;&#8221;][vc_column css=&#8221;.vc_custom_1698668148871{margin-top: -44px !important;padding-top: 44px !important;padding-bottom: 0px !important;background-color: #ffffff !important;}&#8221;][vc_row_inner row_type=&#8221;row&#8221; type=&#8221;full_width&#8221; text_align=&#8221;left&#8221; css_animation=&#8221;&#8221;][vc_column_inner width=&#8221;1\/4&#8243;][\/vc_column_inner][vc_column_inner width=&#8221;1\/2&#8243;][vc_column_text]<\/p>\n<h4 style=\"text-align: center;\">Villa Pachita es completo tur\u00edstico compuesto por una casa rural y un hotel rural situada en Alhama de Arag\u00f3n, muy cerca de Zaragoza, a menos de una hora en coche y con conexi\u00f3n directa por tren. Se encuentra cerca del Monasterio de Piedra y todos los balnearios de la comarca de Calatayud y cuenta con un comedor ideal para grupos, zonas comunes como jard\u00edn, piscina y barbacoa y todo tipo de habitaciones para familias, parejas o grupos.<\/h4>\n<p>[\/vc_column_text][\/vc_column_inner][vc_column_inner width=&#8221;1\/4&#8243;][\/vc_column_inner][\/vc_row_inner][vc_empty_space height=&#8221;82px&#8221;][\/vc_column][\/vc_row][vc_row css_animation=&#8221;&#8221; row_type=&#8221;row&#8221; use_row_as_full_screen_section=&#8221;no&#8221; type=&#8221;full_width&#8221; angled_section=&#8221;no&#8221; text_align=&#8221;left&#8221; background_image_as_pattern=&#8221;without_pattern&#8221;][vc_column][vc_empty_space][\/vc_column][vc_column width=&#8221;1\/3&#8243;][vc_column_text]<\/p>\n<h2>CASA RURAL<\/h2>\n<p>[\/vc_column_text][vc_gallery type=&#8221;flexslider_slide&#8221; interval=&#8221;3&#8243; images=&#8221;628,838,608,854,820,600,605,609,602,603,615,842,852,832,828,826&#8243; img_size=&#8221;400&#215;300&#8243; css_animation=&#8221;fadeInDown&#8221; el_class=&#8221;efecto-imagen&#8221;][\/vc_column][vc_column width=&#8221;1\/3&#8243;][vc_column_text]<\/p>\n<h2>HOTEL RURAL<\/h2>\n<p>[\/vc_column_text][vc_gallery type=&#8221;flexslider_slide&#8221; interval=&#8221;3&#8243; images=&#8221;628,838,820,842,826,852,832,828&#8243; img_size=&#8221;400&#215;300&#8243; css_animation=&#8221;fadeInDown&#8221; el_class=&#8221;efecto-imagen&#8221;][\/vc_column][vc_column width=&#8221;1\/3&#8243;][vc_column_text]<\/p>\n<h2>ZONAS COMUNES<\/h2>\n<p>[\/vc_column_text][vc_gallery type=&#8221;flexslider_slide&#8221; interval=&#8221;3&#8243; images=&#8221;608,854,600,605,609,602,603&#8243; img_size=&#8221;400&#215;300&#8243; css_animation=&#8221;fadeInDown&#8221; el_class=&#8221;efecto-imagen&#8221;][\/vc_column][\/vc_row][vc_row css_animation=&#8221;&#8221; row_type=&#8221;row&#8221; use_row_as_full_screen_section=&#8221;no&#8221; type=&#8221;grid&#8221; angled_section=&#8221;no&#8221; text_align=&#8221;center&#8221; background_image_as_pattern=&#8221;without_pattern&#8221; anchor=&#8221;gallery&#8221; css=&#8221;.vc_custom_1491838370562{padding-top: 85px !important;}&#8221;][vc_column width=&#8221;1\/6&#8243;][vc_empty_space height=&#8221;22px&#8221;][\/vc_column][vc_column width=&#8221;2\/3&#8243;][vc_column_text]<\/p>\n<h3 style=\"text-align: center;\">Villa Pachita cuenta con dos edificios independientes, un hotel rural con 9 habitaciones con ba\u00f1o, que se puede alquilar de forma \u00edntegra o por habitaciones, y una casa rural independiente con capacidad para 18 personas. En el complejo tambi\u00e9n hay unas zonas comunes con jard\u00edn, piscina y barbacoa.<\/h3>\n<p>[\/vc_column_text][vc_empty_space height=&#8221;44px&#8221;][\/vc_column][vc_column width=&#8221;1\/6&#8243;][vc_empty_space height=&#8221;22px&#8221;][\/vc_column][\/vc_row][vc_row css_animation=&#8221;&#8221; row_type=&#8221;row&#8221; use_row_as_full_screen_section=&#8221;no&#8221; type=&#8221;grid&#8221; angled_section=&#8221;no&#8221; text_align=&#8221;center&#8221; background_image_as_pattern=&#8221;without_pattern&#8221; anchor=&#8221;gallery&#8221; css=&#8221;.vc_custom_1707832553015{padding-top: 85px !important;padding-right: 10px !important;padding-left: 10px !important;background-color: #ffffff !important;}&#8221; z_index=&#8221;&#8221;][vc_column][vc_empty_space height=&#8221;44px&#8221;][vc_column_text]<\/p>\n<h4>\u00bfBuscas una escapada rural cerca de Zaragoza que combine comodidad, tranquilidad y belleza natural? \u00a1Te damos la bienvenida al complejo tur\u00edstico Villa Pachita en Alhama de Arag\u00f3n! Situado a menos de una hora en coche de Zaragoza, nuestras instalaciones ofrecen un ambiente ideal para disfrutar en pareja, familia o amigos.<\/h4>\n<p>&nbsp;<\/p>\n<h4>Ubicado en un entorno privilegiado, Alhama de Arag\u00f3n te brinda la oportunidad de explorar los encantos hist\u00f3ricos y naturales de la zona. Nuestra casa rural est\u00e1 cerca del Monasterio de Piedra, un oasis de vegetaci\u00f3n y cascadas que te sumergir\u00e1 en un mundo de ensue\u00f1o, y desde Alhama tambi\u00e9n podr\u00e1s disfrutar del paraje del ca\u00f1\u00f3n del R\u00edo Mesa.<\/h4>\n<p>&nbsp;<\/p>\n<h4>Alhama de Arag\u00f3n tambi\u00e9n es el lugar ideal para disfrutar de sus balnearios de aguas termales, como el Balneario de Alhama de Arag\u00f3n o Termas Pallar\u00e9s, que cuenta con un espectacular lago exterior de agua termal, \u00fanico en Europa, ideal para ba\u00f1arse en cualquier \u00e9poca del a\u00f1o, ya que sus aguas se mantienen a una temperatura constante de 28\u00baC incluso en invierno.<\/h4>\n<p>&nbsp;<\/p>\n<h4>Adem\u00e1s, nuestra ubicaci\u00f3n privilegiada te permite explorar otros atractivos cercanos, como el arte mud\u00e9jar en Calatayud, donde podr\u00e1s admirar impresionantes ejemplos de arquitectura isl\u00e1mica, como la Colegiata de Santa Mar\u00eda y la Torre de la Iglesia de San Pedro.<\/h4>\n<p>&nbsp;<\/p>\n<h4>En Villa Pachita disponemos de dos casas independientes, ideales para una escapada en pareja, en familia o con amigos. Ambos edificios los puedes alquilar de forma \u00edntegra o por habitaciones y, adem\u00e1s, nuestras instalaciones cuentan con zonas comunes como un amplio jard\u00edn, piscina, barbacoa y cocina.<\/h4>\n<p>&nbsp;<\/p>\n<h4>\u00a1No esperes m\u00e1s para vivir la experiencia rural cerca de Zaragoza! Reserva ahora tu estancia en Villa Pachita y descubre el encanto de Alhama de Arag\u00f3n y sus fascinantes alrededores.<\/h4>\n<p>[\/vc_column_text][vc_empty_space height=&#8221;93px&#8221;][\/vc_column][\/vc_row][vc_row css_animation=&#8221;&#8221; row_type=&#8221;row&#8221; use_row_as_full_screen_section=&#8221;no&#8221; type=&#8221;full_width&#8221; angled_section=&#8221;no&#8221; text_align=&#8221;center&#8221; background_image_as_pattern=&#8221;without_pattern&#8221; css=&#8221;.vc_custom_1568700565031{background-image: url(http:\/\/villapachita.com\/wp-content\/uploads\/2019\/09\/villa-pachita-home-1-1.jpg?id=50) !important;}&#8221; z_index=&#8221;&#8221; el_id=&#8221;contacto&#8221; el_class=&#8221;efecto-imagen&#8221;][vc_column css=&#8221;.vc_custom_1491835335390{padding-top: 10.4% !important;padding-bottom: 9.6% !important;}&#8221;][vc_column_text]<\/p>\n<h2><span style=\"color: #ffffff;\">\u00a1Reserva ya!<\/span><\/h2>\n<p>[\/vc_column_text][vc_empty_space height=&#8221;44px&#8221;][vc_row_inner row_type=&#8221;row&#8221; type=&#8221;full_width&#8221; text_align=&#8221;left&#8221; css_animation=&#8221;&#8221;][vc_column_inner width=&#8221;1\/3&#8243;][\/vc_column_inner][vc_column_inner width=&#8221;1\/3&#8243; css=&#8221;.vc_custom_1570535059637{background-color: rgba(255,255,255,0.78) !important;*background-color: rgb(255,255,255) !important;}&#8221;]\n<div class=\"wpcf7 no-js\" id=\"wpcf7-f758-o1\" lang=\"en-US\" dir=\"ltr\" data-wpcf7-id=\"758\">\n<div class=\"screen-reader-response\"><p role=\"status\" aria-live=\"polite\" aria-atomic=\"true\"><\/p> <ul><\/ul><\/div>\n<form action=\"\/en\/wp-json\/wp\/v2\/pages\/897#wpcf7-f758-o1\" method=\"post\" class=\"wpcf7-form init default\" aria-label=\"Contact form\" novalidate=\"novalidate\" data-status=\"init\">\n<fieldset class=\"hidden-fields-container\"><input type=\"hidden\" name=\"_wpcf7\" value=\"758\" \/><input type=\"hidden\" name=\"_wpcf7_version\" value=\"6.1.5\" \/><input type=\"hidden\" name=\"_wpcf7_locale\" value=\"en_US\" \/><input type=\"hidden\" name=\"_wpcf7_unit_tag\" value=\"wpcf7-f758-o1\" \/><input type=\"hidden\" name=\"_wpcf7_container_post\" value=\"0\" \/><input type=\"hidden\" name=\"_wpcf7_posted_data_hash\" value=\"\" \/><input type=\"hidden\" name=\"_wpcf7_recaptcha_response\" value=\"\" \/>\n<\/fieldset>\n<div id=\"formulario-reservas\">\n\t<p><label> Name*<br \/>\n<span class=\"wpcf7-form-control-wrap\" data-name=\"nombre\"><input size=\"40\" maxlength=\"400\" class=\"wpcf7-form-control wpcf7-text wpcf7-validates-as-required\" aria-required=\"true\" aria-invalid=\"false\" value=\"\" type=\"text\" name=\"nombre\" \/><\/span> <\/label><br \/>\n<label> Telephone<br \/>\n<span class=\"wpcf7-form-control-wrap\" data-name=\"telefono\"><input size=\"40\" maxlength=\"400\" class=\"wpcf7-form-control wpcf7-tel wpcf7-validates-as-required wpcf7-text wpcf7-validates-as-tel\" aria-required=\"true\" aria-invalid=\"false\" value=\"\" type=\"tel\" name=\"telefono\" \/><\/span> <\/label><br \/>\n<label> Email<br \/>\n<span class=\"wpcf7-form-control-wrap\" data-name=\"email\"><input size=\"40\" maxlength=\"400\" class=\"wpcf7-form-control wpcf7-email wpcf7-validates-as-required wpcf7-text wpcf7-validates-as-email\" aria-required=\"true\" aria-invalid=\"false\" value=\"\" type=\"email\" name=\"email\" \/><\/span> <\/label><br \/>\n<label> Desired date of entry<br \/>\n<span class=\"wpcf7-form-control-wrap\" data-name=\"fecha-entrada\"><input class=\"wpcf7-form-control wpcf7-date wpcf7-validates-as-required wpcf7-validates-as-date\" aria-required=\"true\" aria-invalid=\"false\" value=\"\" type=\"date\" name=\"fecha-entrada\" \/><\/span> <\/label><br \/>\n<label> Desired departure date<br \/>\n<span class=\"wpcf7-form-control-wrap\" data-name=\"fecha-salida\"><input class=\"wpcf7-form-control wpcf7-date wpcf7-validates-as-required wpcf7-validates-as-date\" aria-required=\"true\" aria-invalid=\"false\" value=\"\" type=\"date\" name=\"fecha-salida\" \/><\/span> <\/label><br \/>\n<label> Message<br \/>\n<span class=\"wpcf7-form-control-wrap\" data-name=\"mensaje\"><textarea cols=\"40\" rows=\"10\" maxlength=\"2000\" class=\"wpcf7-form-control wpcf7-textarea\" aria-invalid=\"false\" name=\"mensaje\"><\/textarea><\/span> <\/label>\n\t<\/p>\n\t<p class=\"text-min\">(*Mandatory fields)\n\t<\/p>\n\t<p><span class=\"wpcf7-form-control-wrap\" data-name=\"acceptance-261\"><span class=\"wpcf7-form-control wpcf7-acceptance optional\"><span class=\"wpcf7-list-item\"><input type=\"checkbox\" name=\"acceptance-261\" value=\"1\" aria-invalid=\"false\" \/><\/span><\/span><\/span> I accept the <a class=\"text-min\" href=\"\/aviso-legal\">legal notice<\/a> and <a href=\"\/politica-privacidad\">privacy policy<\/a>.\n\t<\/p>\n\t<p><input class=\"wpcf7-form-control wpcf7-submit has-spinner\" type=\"submit\" value=\"Consultar\" \/>\n\t<\/p>\n<\/div><p style=\"display: none !important;\" class=\"akismet-fields-container\" data-prefix=\"_wpcf7_ak_\"><label>&#916;<textarea name=\"_wpcf7_ak_hp_textarea\" cols=\"45\" rows=\"8\" maxlength=\"100\"><\/textarea><\/label><input type=\"hidden\" id=\"ak_js_1\" name=\"_wpcf7_ak_js\" value=\"232\"\/><script type=\"text\/javascript\">\n\/* <![CDATA[ *\/\ndocument.getElementById( \"ak_js_1\" ).setAttribute( \"value\", ( new Date() ).getTime() );\n\/* ]]> *\/\n<\/script>\n<\/p><div class=\"wpcf7-response-output\" aria-hidden=\"true\"><\/div>\n<\/form>\n<\/div>\n[\/vc_column_inner][vc_column_inner width=&#8221;1\/3&#8243;][\/vc_column_inner][\/vc_row_inner][\/vc_column][\/vc_row]<\/p>\n<\/div>","protected":false},"excerpt":{"rendered":"<p>[vc_row css_animation=&#8221;&#8221; row_type=&#8221;row&#8221; use_row_as_full_screen_section=&#8221;no&#8221; type=&#8221;grid&#8221; angled_section=&#8221;no&#8221; text_align=&#8221;left&#8221; background_image_as_pattern=&#8221;without_pattern&#8221; anchor=&#8221;home&#8221; css=&#8221;.vc_custom_1707820491889{padding-top: 158px !important;padding-bottom: 192px !important;background-image: url(http:\/\/villapachita.com\/wp-content\/uploads\/2024\/02\/CASA-RURAL-CERCA-DE-ZARAGOZA-CON-PISCINA.jpg?id=853) !important;background-position: center !important;background-repeat: no-repeat !important;background-size: cover !important;}&#8221; z_index=&#8221;&#8221;][vc_column offset=&#8221;vc_col-lg-7 vc_col-md-8&#8243;][vc_empty_space height=&#8221;15px&#8221;][vc_column_text] Rural house near Zaragoza with pool and barbecue [\/vc_column_text][vc_empty_space height=&#8221;23px&#8221;][vc_empty_space height=&#8221;28px&#8221;][vc_empty_space height=&#8221;70px&#8221;][\/vc_column][vc_column width=&#8221;2\/3&#8243; offset=&#8221;vc_col-lg-offset-1 vc_col-lg-4 vc_col-md-offset-0 vc_col-md-4 vc_col-sm-offset-2&#8243;][vc_row_inner row_type=&#8221;row&#8221;&#8230;<\/p>\n","protected":false},"author":2,"featured_media":0,"parent":0,"menu_order":0,"comment_status":"closed","ping_status":"closed","template":"full_width.php","meta":{"footnotes":""},"class_list":["post-897","page","type-page","status-publish","hentry"],"_links":{"self":[{"href":"https:\/\/villapachita.com\/en\/wp-json\/wp\/v2\/pages\/897","targetHints":{"allow":["GET"]}}],"collection":[{"href":"https:\/\/villapachita.com\/en\/wp-json\/wp\/v2\/pages"}],"about":[{"href":"https:\/\/villapachita.com\/en\/wp-json\/wp\/v2\/types\/page"}],"author":[{"embeddable":true,"href":"https:\/\/villapachita.com\/en\/wp-json\/wp\/v2\/users\/2"}],"replies":[{"embeddable":true,"href":"https:\/\/villapachita.com\/en\/wp-json\/wp\/v2\/comments?post=897"}],"version-history":[{"count":6,"href":"https:\/\/villapachita.com\/en\/wp-json\/wp\/v2\/pages\/897\/revisions"}],"predecessor-version":[{"id":903,"href":"https:\/\/villapachita.com\/en\/wp-json\/wp\/v2\/pages\/897\/revisions\/903"}],"wp:attachment":[{"href":"https:\/\/villapachita.com\/en\/wp-json\/wp\/v2\/media?parent=897"}],"curies":[{"name":"wp","href":"https:\/\/api.w.org\/{rel}","templated":true}]}}